{"id":171,"date":"2023-01-13T12:13:00","date_gmt":"2023-01-13T13:13:00","guid":{"rendered":"https:\/\/startupflores.com\/?page_id=171"},"modified":"2023-01-13T12:16:05","modified_gmt":"2023-01-13T13:16:05","slug":"politica-de-privacidade","status":"publish","type":"page","link":"https:\/\/startupflores.com\/en\/politica-de-privacidade\/","title":{"rendered":"Privacy Policy"},"content":{"rendered":"<div data-elementor-type=\"wp-page\" data-elementor-id=\"171\" class=\"elementor elementor-171\">\n\t\t\t\t\t\t\t\t\t<section class=\"elementor-section elementor-top-section elementor-element elementor-element-aca7cf1 elementor-section-boxed elementor-section-height-default elementor-section-height-default\" data-id=\"aca7cf1\" data-element_type=\"section\">\n\t\t\t\t\t\t<div class=\"elementor-container elementor-column-gap-default\">\n\t\t\t\t\t<div class=\"elementor-column elementor-col-100 elementor-top-column elementor-element elementor-element-4a3ea6a\" data-id=\"4a3ea6a\" data-element_type=\"column\">\n\t\t\t<div class=\"elementor-widget-wrap elementor-element-populated\">\n\t\t\t\t\t\t\t\t<div class=\"elementor-element elementor-element-7aa573c elementor-widget elementor-widget-spacer\" data-id=\"7aa573c\" data-element_type=\"widget\" data-widget_type=\"spacer.default\">\n\t\t\t\t<div class=\"elementor-widget-container\">\n\t\t\t<style>\/*! elementor - v3.12.0 - 29-03-2023 *\/\n.elementor-column .elementor-spacer-inner{height:var(--spacer-size)}.e-con{--container-widget-width:100%}.e-con-inner>.elementor-widget-spacer,.e-con>.elementor-widget-spacer{width:var(--container-widget-width,var(--spacer-size));--align-self:var(--container-widget-align-self,initial);--flex-shrink:0}.e-con-inner>.elementor-widget-spacer>.elementor-widget-container,.e-con-inner>.elementor-widget-spacer>.elementor-widget-container>.elementor-spacer,.e-con>.elementor-widget-spacer>.elementor-widget-container,.e-con>.elementor-widget-spacer>.elementor-widget-container>.elementor-spacer{height:100%}.e-con-inner>.elementor-widget-spacer>.elementor-widget-container>.elementor-spacer>.elementor-spacer-inner,.e-con>.elementor-widget-spacer>.elementor-widget-container>.elementor-spacer>.elementor-spacer-inner{height:var(--container-widget-height,var(--spacer-size))}<\/style>\t\t<div class=\"elementor-spacer\">\n\t\t\t<div class=\"elementor-spacer-inner\"><\/div>\n\t\t<\/div>\n\t\t\t\t<\/div>\n\t\t\t\t<\/div>\n\t\t\t\t\t<\/div>\n\t\t<\/div>\n\t\t\t\t\t\t\t<\/div>\n\t\t<\/section>\n\t\t\t\t<section class=\"elementor-section elementor-top-section elementor-element elementor-element-3960103 elementor-section-boxed elementor-section-height-default elementor-section-height-default\" data-id=\"3960103\" data-element_type=\"section\">\n\t\t\t\t\t\t<div class=\"elementor-container elementor-column-gap-default\">\n\t\t\t\t\t<div class=\"elementor-column elementor-col-100 elementor-top-column elementor-element elementor-element-46506c6\" data-id=\"46506c6\" data-element_type=\"column\">\n\t\t\t<div class=\"elementor-widget-wrap elementor-element-populated\">\n\t\t\t\t\t\t\t\t<div class=\"elementor-element elementor-element-bdc4766 elementor-widget elementor-widget-text-editor\" data-id=\"bdc4766\" data-element_type=\"widget\" data-widget_type=\"text-editor.default\">\n\t\t\t\t<div class=\"elementor-widget-container\">\n\t\t\t<style>\/*! elementor - v3.12.0 - 29-03-2023 *\/\n.elementor-widget-text-editor.elementor-drop-cap-view-stacked .elementor-drop-cap{background-color:#69727d;color:#fff}.elementor-widget-text-editor.elementor-drop-cap-view-framed .elementor-drop-cap{color:#69727d;border:3px solid;background-color:transparent}.elementor-widget-text-editor:not(.elementor-drop-cap-view-default) .elementor-drop-cap{margin-top:8px}.elementor-widget-text-editor:not(.elementor-drop-cap-view-default) .elementor-drop-cap-letter{width:1em;height:1em}.elementor-widget-text-editor .elementor-drop-cap{float:left;text-align:center;line-height:1;font-size:50px}.elementor-widget-text-editor .elementor-drop-cap-letter{display:inline-block}<\/style>\t\t\t\t<div class=\"elementor-element elementor-element-3ee0270 elementor-widget elementor-widget-heading\" data-id=\"3ee0270\" data-element_type=\"widget\" data-widget_type=\"heading.default\"><div class=\"elementor-widget-container\"><h2 class=\"elementor-heading-title elementor-size-default\">Privacy Policy<\/h2><\/div><\/div><div class=\"elementor-element elementor-element-32048b4 elementor-widget elementor-widget-text-editor\" data-id=\"32048b4\" data-element_type=\"widget\" data-widget_type=\"text-editor.default\"><div class=\"elementor-widget-container\"><p>A Startup Flores reconhece a import\u00e2ncia da privacidade dos utilizadores do seu site e encontra-se empenhado em proteger os dados pessoais que lhe sejam facultados, pelo que limita-se apenas a recolher informa\u00e7\u00f5es pessoais que sejam facultadas voluntariamente, sendo apenas utilizadas para os fins a que se destinam.<\/p><p>\u00a0<\/p><p>Deste modo, a Startup Flores elaborou a presente pol\u00edtica de privacidade, com o intuito de prestar todas as informa\u00e7\u00f5es relativamente \u00e0 forma de recolher, tratar e proteger os seus dados pessoais, em conformidade com o Regulamento UE 2016\/679, do Parlamento Europeu e do Conselho de 27 de abril de 2016.<\/p><p>\u00a0<\/p><ol><li><strong>Legitimidade para o tratamento<\/strong><\/li><\/ol><p>\u00a0<\/p><p>A Startup Flores disponibiliza aos utilizadores do seu site um conjunto de informa\u00e7\u00f5es e servi\u00e7os. A Startup Flores necessita de proceder \u00e0 recolha e ao tratamento de um conjunto de dados de natureza pessoal, os quais, sendo essenciais \u00e0 presta\u00e7\u00e3o dos seus servi\u00e7os, s\u00e3o inseridos na base de dados da Startup Flores.<\/p><p>\u00a0<\/p><p>A disponibiliza\u00e7\u00e3o dos dados pessoais \u00e9 opcional. Contudo, se os utilizadores do site quiserem beneficiar dos servi\u00e7os disponibilizados e\/ou receber informa\u00e7\u00f5es sobre os servi\u00e7os e\/ou ser contactados pela Startup Flores dever\u00e3o fornecer os seus dados pessoais e autorizar o respetivo tratamento.<\/p><p>\u00a0<\/p><p>A Startup Flores s\u00f3 tratar\u00e1 os seus dados para efeitos de envio de newsletter se for expressamente autorizado pelo utilizador.<\/p><p>\u00a0<\/p><ol start=\"2\"><li><strong>Informa\u00e7\u00e3o pessoal recolhida<\/strong><\/li><\/ol><p>\u00a0<\/p><p>Na qualidade de Respons\u00e1vel pelo Tratamento dos seus Dados Pessoais, a Startup Flores procede \u00e0 recolha dos seguintes dados pessoais: nome, morada, NIF \u2013 n\u00famero de identifica\u00e7\u00e3o fiscal, n\u00famero de telefone e correio eletr\u00f3nico, mas poder\u00e1 recolher outros dados necess\u00e1rios \u00e0 presta\u00e7\u00e3o de servi\u00e7os, de acordo com as especificidades da rela\u00e7\u00e3o que o titular dos dados pessoais pretende estabelecer com a Startup Flores.<\/p><p>\u00a0<\/p><p>Os dados pessoais recolhidos atrav\u00e9s do site da Startup Flores s\u00e3o processados automaticamente e destinam-se \u00e0 gest\u00e3o do seu registo, prefer\u00eancias ou de pedidos. O site tamb\u00e9m recebe e armazena automaticamente, atrav\u00e9s de cookies, informa\u00e7\u00f5es sobre as atividades do navegador, incluindo o endere\u00e7o IP e as p\u00e1ginas acedidas. Estes registos de atividade (logs) ser\u00e3o utilizados apenas para fins estat\u00edsticos e de m\u00e9tricas dos servi\u00e7os disponibilizados.<\/p><p>\u00a0<\/p><p>A Startup Flores n\u00e3o pretende gerir os servi\u00e7os que presta, atrav\u00e9s do presente site, a menores de idade, pelo que n\u00e3o recolhe, conscientemente, quaisquer dados pessoais relativos aos mesmos.<\/p><p>\u00a0<\/p><ol start=\"3\"><li><strong>Finalidade<\/strong><\/li><\/ol><p>\u00a0<\/p><p>O utilizador autoriza que as informa\u00e7\u00f5es recolhidas pelo site sejam utilizadas para os seguintes fins:<\/p><ol><li>a)\u00a0\u00a0\u00a0\u00a0\u00a0\u00a0 Registos pessoais para gest\u00e3o do site, efetiva\u00e7\u00e3o de servi\u00e7os e participa\u00e7\u00e3o nos conte\u00fados program\u00e1ticos (exemplo: a\u00e7\u00f5es de forma\u00e7\u00e3o, eventos, etc.);<\/li><li>b)\u00a0\u00a0\u00a0\u00a0\u00a0\u00a0 Fatura\u00e7\u00e3o dos servi\u00e7os;<\/li><li>c)\u00a0\u00a0\u00a0\u00a0\u00a0\u00a0 Otimiza\u00e7\u00e3o da experi\u00eancia interativa durante a navega\u00e7\u00e3o no site;<\/li><li>d)\u00a0\u00a0\u00a0\u00a0\u00a0\u00a0 Elabora\u00e7\u00e3o de estat\u00edsticas gerais, sem que haja identifica\u00e7\u00e3o dos utilizadores;<\/li><li>e)\u00a0\u00a0\u00a0\u00a0\u00a0\u00a0 Resposta a d\u00favidas e solicita\u00e7\u00f5es do pr\u00f3prio utilizador;<\/li><li>f)\u00a0\u00a0\u00a0\u00a0\u00a0\u00a0\u00a0 Ausculta\u00e7\u00e3o da opini\u00e3o sobre a qualidade dos servi\u00e7os que prestados;<\/li><li>g)\u00a0\u00a0\u00a0\u00a0\u00a0\u00a0 Envio de newsletter sobre novos conte\u00fados, not\u00edcias e eventos;<\/li><li>h)\u00a0\u00a0\u00a0\u00a0\u00a0\u00a0 Obriga\u00e7\u00f5es legais ou judiciais.<\/li><\/ol><p>\u00a0<\/p><p>A Startup Flores tamb\u00e9m reserva o direito de utilizar estes registos, de forma individualizada, em casos de investiga\u00e7\u00e3o de il\u00edcitos civis ou criminais, especialmente quando houver suspeita de fraude, ataques de hackers, altera\u00e7\u00f5es no sistema ou acesso indevido \u00e0s informa\u00e7\u00f5es protegidas e dados de outros utilizadores.<\/p><p>\u00a0<\/p><ol start=\"4\"><li><strong>Direitos dos titulares dos dados<\/strong><\/li><\/ol><p>\u00a0<\/p><p>Nos termos da legisla\u00e7\u00e3o aplic\u00e1vel assiste ao utilizador do site o direito de acesso, retifica\u00e7\u00e3o e oposi\u00e7\u00e3o perante as condi\u00e7\u00f5es espec\u00edficas da recolha dos dados ou tratamento, o qual poder\u00e1 ser exercido atrav\u00e9s de do endere\u00e7o eletr\u00f3nico da Startup Flores.<\/p><p>\u00a0<\/p><p>Qualquer utilizador poder\u00e1 livremente optar por fornecer, ou n\u00e3o, qualquer informa\u00e7\u00e3o pessoal individualizada. Nestes termos, caso n\u00e3o queira receber comunica\u00e7\u00f5es da Startup Flores, dos seus prestadores de servi\u00e7os, ou dos seus parceiros, mesmo depois de ter fornecido os seus dados, dever\u00e1 comunicar esta pretens\u00e3o atrav\u00e9s do endere\u00e7o eletr\u00f3nico da Startup Flores.<\/p><p>\u00a0<\/p><ol start=\"5\"><li><strong>Seguran\u00e7a e utiliza\u00e7\u00e3o da informa\u00e7\u00e3o<\/strong><\/li><\/ol><p>\u00a0<\/p><p>Tanto quanto \u00e9 usual neste tipo de sites a Startup Flores assegura que foram adotadas e organizadas as medidas t\u00e9cnicas adequadas para proteger os dados pessoais contra a destrui\u00e7\u00e3o, altera\u00e7\u00e3o e\/ou difus\u00e3o acidental ou il\u00edcita, n\u00e3o autorizadas dos dados pessoais.<\/p><p>\u00a0<\/p><p>Qualquer informa\u00e7\u00e3o fornecida pelos utilizadores ser\u00e1 obtida e armazenada de acordo com os mais r\u00edgidos padr\u00f5es de seguran\u00e7a e confiabilidade. A Startup Flores far\u00e1 os melhores esfor\u00e7os no sentido de manter a integridade das informa\u00e7\u00f5es que nos forem fornecidas, raz\u00e3o pela qual n\u00e3o \u00e9 respons\u00e1vel pelos danos decorrentes do seu acesso e\/ou utiliza\u00e7\u00e3o por terceiros.<\/p><p>\u00a0<\/p><p>A Startup Flores compromete-se a n\u00e3o vender nem alugar a terceiros, qualquer dado pessoal enviado pelos utilizadores do site, sem preju\u00edzo da autoriza\u00e7\u00e3o do utilizador.<\/p><p>\u00a0<\/p><p>Qualquer tentativa de viola\u00e7\u00e3o da base de dados do presente site ser\u00e1 objeto de a\u00e7\u00e3o penal e queixa-crime, conforme previsto na legisla\u00e7\u00e3o portuguesa referente a bases de dados e poder\u00e1 implicar responsabilidade civil e criminal.<\/p><p>\u00a0<\/p><ol start=\"6\"><li><strong>Destinat\u00e1rios dos dados pessoais<\/strong><\/li><\/ol><p>\u00a0<\/p><p>O acesso \u00e0s informa\u00e7\u00f5es recolhidas \u00e9 restrito aos colaboradores da Startup Flores e pessoas autorizadas. Aqueles que utilizarem indevidamente essas informa\u00e7\u00f5es, em viola\u00e7\u00e3o desta pol\u00edtica de privacidade, estar\u00e3o sujeitos a san\u00e7\u00f5es administrativas e disciplinares, sem exclus\u00e3o das medidas legais aplic\u00e1veis.<\/p><p>\u00a0<\/p><p>Os Dados Pessoais dos utilizadores poder\u00e3o tamb\u00e9m ser tratados por entidades subcontratantes da Startup Flores. A Startup Flores exige dos subcontratantes o cumprimento de um conjunto de obriga\u00e7\u00f5es, entre as quais se inserem, as de proteger adequadamente os dados pessoais dos utilizadores assegurando a respetiva confidencialidade e a proibi\u00e7\u00e3o de utiliza\u00e7\u00e3o desses dados para qualquer outra finalidade que n\u00e3o as aqui mencionadas e\/ou consentidas pelo utilizador.<\/p><p>\u00a0<\/p><ol start=\"7\"><li><strong>Conserva\u00e7\u00e3o da informa\u00e7\u00e3o pessoal<\/strong><\/li><\/ol><p>\u00a0<\/p><p>Ap\u00f3s a recolha de informa\u00e7\u00e3o pessoal individualizada transmitida voluntariamente pelo utilizador, a Startup Flores proceder\u00e1 \u00e0 sua conserva\u00e7\u00e3o e manuten\u00e7\u00e3o pelo per\u00edodo necess\u00e1rio \u00e0 finalidade do seu tratamento nos termos da notifica\u00e7\u00e3o \u00e0 Startup Flores, at\u00e9 instru\u00e7\u00f5es em contr\u00e1rio, ou at\u00e9 que a lei exija a respetiva elimina\u00e7\u00e3o. A conserva\u00e7\u00e3o dessa informa\u00e7\u00e3o permite \u00e0 Startup Flores continuar a fornecer servi\u00e7os personalizados sem interrup\u00e7\u00e3o, salvo oposi\u00e7\u00e3o expressa do utilizador.<\/p><p>\u00a0<\/p><ol start=\"8\"><li><strong>Info<\/strong><strong>rma\u00e7\u00f5es, opini\u00f5es e conte\u00fados gerados por terceiros<\/strong><\/li><\/ol><p>\u00a0<\/p><p>Este site poder\u00e1 possibilitar a participa\u00e7\u00e3o de visitantes\/utilizadores atrav\u00e9s de coment\u00e1rios, troca de informa\u00e7\u00f5es, publica\u00e7\u00e3o de conte\u00fados gerados por terceiros e divulga\u00e7\u00e3o de an\u00fancios publicit\u00e1rios. Os visitantes, utilizadores e anunciantes n\u00e3o devem publicar informa\u00e7\u00f5es, opini\u00f5es ou conte\u00fados imorais, ilegais, racistas, difamat\u00f3rios, injuriosos, pornogr\u00e1ficos, criminosos, ou qualquer conte\u00fado que viole os direitos de autor. As informa\u00e7\u00f5es, conte\u00fados ou opini\u00f5es fornecidos ou publicados livremente neste site, \u00e0 exce\u00e7\u00e3o das informa\u00e7\u00f5es pessoais solicitadas para fins de registo, n\u00e3o s\u00e3o sigilosas nem est\u00e3o protegidas por esta pol\u00edtica de privacidade, podendo ser livremente acedidas e visualizadas por outros visitantes e utilizadores.<\/p><p>\u00a0<\/p><p>Ficam tamb\u00e9m vedados an\u00fancios publicit\u00e1rios ou qualquer divulga\u00e7\u00e3o sobre produtos, servi\u00e7os ou eventos que desrespeitem a lei, a moral e os bons costumes. A Startup Flores n\u00e3o se responsabiliza pelas informa\u00e7\u00f5es, opini\u00f5es e conte\u00fados gerados por terceiros, nem pela qualidade ou veracidade dos produtos, servi\u00e7os ou eventos divulgados atrav\u00e9s do site.<\/p><p>\u00a0<\/p><p>Todos os conte\u00fados de qualquer natureza constantes neste site est\u00e3o protegidos por lei, sendo expressamente interdita qualquer c\u00f3pia, reprodu\u00e7\u00e3o, difus\u00e3o, transmiss\u00e3o, utiliza\u00e7\u00e3o, modifica\u00e7\u00e3o, venda, publica\u00e7\u00e3o, distribui\u00e7\u00e3o ou quaisquer outras utiliza\u00e7\u00f5es, por quaisquer meios, \u00e0 exce\u00e7\u00e3o das previstas na Lei.<\/p><p>\u00a0<\/p><ol start=\"9\"><li><strong>Coo<\/strong><strong>kies e web beacons<\/strong><\/li><\/ol><p>\u00a0<\/p><p>Um \u201cCookie\u201d n\u00e3o \u00e9 mais do que ficheiro que \u00e9 gravado no computador do utilizador, que serve apenas para identificar o computador que est\u00e1 a aceder ao presente site. A Startup Flores utiliza cookies para armazenar informa\u00e7\u00f5es, tais como as suas prefer\u00eancias pessoais quando visita o site. Isto poder\u00e1 incluir um simples popup ou uma liga\u00e7\u00e3o a v\u00e1rios servi\u00e7os, tais como f\u00f3runs. Para j\u00e1, n\u00e3o \u00e9 o caso mas a Startup Flores poder\u00e1 vir a utilizar publicidade de terceiros. Alguns desses an\u00fancios publicit\u00e1rios, poder\u00e3o utilizar tecnologias como os cookies e\/ou web beacons ao publicitar no site, o que far\u00e1 com que esses publicit\u00e1rios (como o Google atrav\u00e9s do Google AdSense) tamb\u00e9m recebam a sua informa\u00e7\u00e3o pessoal (o endere\u00e7o IP, o seu ISP, o seu browser, etc.). Esta fun\u00e7\u00e3o \u00e9 geralmente utilizada para geotargeting (mostrar publicidade de Lisboa apenas aos visitantes de Lisboa, por exemplo) ou apresentar publicidade direcionada a um tipo de utilizador (como mostrar publicidade de restaurantes a um utilizador que visita sites de culin\u00e1ria regularmente, por exemplo).<\/p><p>\u00a0<\/p><p>Poder\u00e1 desligar os seus cookies, nas op\u00e7\u00f5es do seu browser, ou efetuando altera\u00e7\u00f5es nas ferramentas de programas antiv\u00edrus. No entanto, se desligar os seus cookies, isso poder\u00e1 alterar a forma como interage com o site ou outros sites, nomeadamente, poder\u00e1 impedir que fa\u00e7a logins em programas, sites ou f\u00f3runs da nossa e de outras redes.<\/p><p>\u00a0<\/p><ol start=\"10\"><li><strong>Aceita\u00e7\u00e3o dos termos de utiliza\u00e7\u00e3o<\/strong><\/li><\/ol><p>\u00a0<\/p><p>Ao usar este site, o utilizador aceita os termos e condi\u00e7\u00f5es do mesmo.<\/p><\/div><\/div>\t\t\t\t\t\t<\/div>\n\t\t\t\t<\/div>\n\t\t\t\t\t<\/div>\n\t\t<\/div>\n\t\t\t\t\t\t\t<\/div>\n\t\t<\/section>\n\t\t\t\t<section class=\"elementor-section elementor-top-section elementor-element elementor-element-0d16fc6 elementor-section-boxed elementor-section-height-default elementor-section-height-default\" data-id=\"0d16fc6\" data-element_type=\"section\">\n\t\t\t\t\t\t<div class=\"elementor-container elementor-column-gap-default\">\n\t\t\t\t\t<div class=\"elementor-column elementor-col-100 elementor-top-column elementor-element elementor-element-10ce0ec\" data-id=\"10ce0ec\" data-element_type=\"column\">\n\t\t\t<div class=\"elementor-widget-wrap elementor-element-populated\">\n\t\t\t\t\t\t\t\t<div class=\"elementor-element elementor-element-51ef852 elementor-widget elementor-widget-spacer\" data-id=\"51ef852\" data-element_type=\"widget\" data-widget_type=\"spacer.default\">\n\t\t\t\t<div class=\"elementor-widget-container\">\n\t\t\t\t\t<div class=\"elementor-spacer\">\n\t\t\t<div class=\"elementor-spacer-inner\"><\/div>\n\t\t<\/div>\n\t\t\t\t<\/div>\n\t\t\t\t<\/div>\n\t\t\t\t\t<\/div>\n\t\t<\/div>\n\t\t\t\t\t\t\t<\/div>\n\t\t<\/section>\n\t\t\t\t\t\t\t<\/div>","protected":false},"excerpt":{"rendered":"<p>Pol\u00edtica de Privacidade A Startup Flores reconhece a import\u00e2ncia da privacidade dos utilizadores do seu site e encontra-se empenhado em proteger os dados pessoais que lhe sejam facultados, pelo que limita-se apenas a recolher informa\u00e7\u00f5es pessoais que sejam facultadas voluntariamente, sendo apenas utilizadas para os fins a que se destinam. \u00a0 Deste modo, a Startup [&hellip;]<\/p>","protected":false},"author":4,"featured_media":0,"parent":0,"menu_order":0,"comment_status":"closed","ping_status":"closed","template":"elementor_header_footer","meta":{"inline_featured_image":false,"footnotes":""},"class_list":["post-171","page","type-page","status-publish","hentry"],"_links":{"self":[{"href":"https:\/\/startupflores.com\/en\/wp-json\/wp\/v2\/pages\/171","targetHints":{"allow":["GET"]}}],"collection":[{"href":"https:\/\/startupflores.com\/en\/wp-json\/wp\/v2\/pages"}],"about":[{"href":"https:\/\/startupflores.com\/en\/wp-json\/wp\/v2\/types\/page"}],"author":[{"embeddable":true,"href":"https:\/\/startupflores.com\/en\/wp-json\/wp\/v2\/users\/4"}],"replies":[{"embeddable":true,"href":"https:\/\/startupflores.com\/en\/wp-json\/wp\/v2\/comments?post=171"}],"version-history":[{"count":0,"href":"https:\/\/startupflores.com\/en\/wp-json\/wp\/v2\/pages\/171\/revisions"}],"wp:attachment":[{"href":"https:\/\/startupflores.com\/en\/wp-json\/wp\/v2\/media?parent=171"}],"curies":[{"name":"wp","href":"https:\/\/api.w.org\/{rel}","templated":true}]}}